{"id":3,"date":"2023-07-13T15:08:29","date_gmt":"2023-07-13T13:08:29","guid":{"rendered":"https:\/\/domenicaitaliana.cloudfactory.it\/?page_id=3"},"modified":"2023-09-15T19:12:06","modified_gmt":"2023-09-15T17:12:06","slug":"privacy-policy","status":"publish","type":"page","link":"https:\/\/www.domenicaitaliana.it\/en\/privacy-policy\/","title":{"rendered":"Privacy Policy"},"content":{"rendered":"<div data-elementor-type=\"wp-page\" data-elementor-id=\"3\" class=\"elementor elementor-3\" data-elementor-post-type=\"page\">\n\t\t\t\t<div class=\"elementor-element elementor-element-4193178 e-flex e-con-boxed e-con e-parent\" data-id=\"4193178\" data-element_type=\"container\">\n\t\t\t\t\t<div class=\"e-con-inner\">\n\t\t\t\t<div class=\"elementor-element elementor-element-d54f7b8 elementor-widget elementor-widget-text-editor\" data-id=\"d54f7b8\" data-element_type=\"widget\" data-widget_type=\"text-editor.default\">\n\t\t\t\t<div class=\"elementor-widget-container\">\n\t\t\t\t\t\t\t<h2>Titolare del trattamento dei dati<\/h2><p>ITALIAN SAYS SRLS<br \/>Piazza Antonio Baldini, 33 \u2013 00141 Roma<br \/>C.F. e P. IVA: 15501981003<br \/>Indirizzo email del Titolare: <a href=\"mailto:ciao@domenicaitaliana.it\">ciao@domenicaitaliana.it<\/a><\/p><h2>1. Tipologie di dati raccolti<\/h2><p>Fra i Dati Personali raccolti da www.domenicaitaliana.it, in modo autonomo o tramite terze parti, ci sono: Dati di utilizzo; Cookie; email; nome; cognome; data di nascita; indirizzo; nazione; provincia; CAP; citt\u00e0; numero di telefono; Dati comunicati durante l\u2019utilizzo del servizio; identificatori univoci di dispositivi per la pubblicit\u00e0 (Google Advertiser ID o identificatore IDFA, per esempio); informazioni sul dispositivo; risposte alle domande; clic; eventi keypress; eventi relativi ai sensori di movimento; movimenti del mouse; posizione relativa allo scorrimento; eventi touch; numero di Utenti; statistiche delle sessioni.<\/p><p>Dettagli completi su ciascuna tipologia di dati raccolti sono forniti nelle sezioni dedicate di questa privacy policy o mediante specifici testi informativi visualizzati prima della raccolta dei dati stessi.<\/p><p>I Dati Personali possono essere liberamente forniti dall\u2019Utente o, nel caso di Dati di Utilizzo, raccolti automaticamente durante l\u2019uso di www.domenicaitaliana.it. Se non diversamente specificato, tutti i Dati richiesti da www.domenicaitaliana.it sono obbligatori. Se l\u2019Utente rifiuta di comunicarli, potrebbe essere impossibile per www.domenicaitaliana.it fornire il Servizio. Nei casi in cui www.domenicaitaliana.it indichi alcuni Dati come facoltativi, gli Utenti sono liberi di astenersi dal comunicare tali Dati, senza che ci\u00f2 abbia alcuna conseguenza sulla disponibilit\u00e0 del Servizio o sulla sua operativit\u00e0.<\/p><p>Gli Utenti che dovessero avere dubbi su quali Dati siano obbligatori, sono incoraggiati a contattare il Titolare.<\/p><p>L\u2019eventuale utilizzo di Cookie \u2013 o di altri strumenti di tracciamento \u2013 da parte di www.domenicaitaliana.it o dei titolari dei servizi terzi utilizzati da www.domenicaitaliana.it, ove non diversamente precisato, ha la finalit\u00e0 di fornire il Servizio richiesto dall\u2019Utente, oltre alle ulteriori finalit\u00e0 descritte nel presente documento e nella <a href=\"https:\/\/www.domenicaitaliana.it\/en\/cookie-policy\/\">Cookie Policy<\/a>, se disponibile.<\/p><p>L\u2019Utente si assume la responsabilit\u00e0 dei Dati Personali di terzi ottenuti, pubblicati o condivisi mediante www.domenicaitaliana.it e garantisce di avere il diritto di comunicarli o diffonderli, liberando il Titolare da qualsiasi responsabilit\u00e0 verso terzi.<\/p><h2>2. Modalit\u00e0 e luogo del trattamento dei dati raccolti<\/h2><h3>2.1 Modalit\u00e0 di trattamento<\/h3><p>Il Titolare adotta le opportune misure di sicurezza volte ad impedire l\u2019accesso, la divulgazione, la modifica o la distruzione non autorizzate dei Dati Personali. Il trattamento viene effettuato mediante strumenti informatici e\/o telematici, con modalit\u00e0 organizzative e con logiche strettamente correlate alle finalit\u00e0 indicate. Oltre al Titolare, in alcuni casi, potrebbero avere accesso ai Dati altri soggetti coinvolti nell\u2019organizzazione di www.domenicaitaliana.it (personale amministrativo, commerciale, marketing, legali, amministratori di sistema) ovvero soggetti esterni (come fornitori di servizi tecnici terzi, corrieri postali, hosting provider, societ\u00e0 informatiche, agenzie di comunicazione) nominati anche, se necessario, Responsabili del Trattamento da parte del Titolare. L\u2019elenco aggiornato dei Responsabili potr\u00e0 sempre essere richiesto al Titolare del Trattamento.<\/p><h3>2.2 Base giuridica del trattamento<\/h3><p>Il Titolare tratta Dati Personali relativi all\u2019Utente in caso sussista una delle seguenti condizioni:<\/p><ul><li>l\u2019Utente ha prestato il consenso per una o pi\u00f9 finalit\u00e0 specifiche; Nota: in alcuni ordinamenti il Titolare pu\u00f2 essere autorizzato a trattare Dati Personali senza che debba sussistere il consenso dell\u2019Utente o un\u2019altra delle basi giuridiche specificate di seguito, fino a quando l\u2019Utente non si opponga (\u201copt-out\u201d) a tale trattamento. Ci\u00f2 non \u00e8 tuttavia applicabile qualora il trattamento di Dati Personali sia regolato dalla legislazione europea in materia di protezione dei Dati Personali;<\/li><li>il trattamento \u00e8 necessario all\u2019esecuzione di un contratto con l\u2019Utente e\/o all\u2019esecuzione di misure precontrattuali;<\/li><li>il trattamento \u00e8 necessario per adempiere un obbligo legale al quale \u00e8 soggetto il Titolare;<\/li><li>il trattamento \u00e8 necessario per l\u2019esecuzione di un compito di interesse pubblico o per l\u2019esercizio di pubblici poteri di cui \u00e8 investito il Titolare;<\/li><li>il trattamento \u00e8 necessario per il perseguimento del legittimo interesse del Titolare o di terzi.<\/li><\/ul><p>\u00c8 comunque sempre possibile richiedere al Titolare di chiarire la concreta base giuridica di ciascun trattamento ed in particolare di specificare se il trattamento sia basato sulla legge, previsto da un contratto o necessario per concludere un contratto.<\/p><h3>2.3 Luogo<\/h3><p>I Dati sono trattati presso le sedi operative del Titolare ed in ogni altro luogo in cui le parti coinvolte nel trattamento siano localizzate. Per ulteriori informazioni, contatta il Titolare. I Dati Personali dell\u2019Utente potrebbero essere trasferiti in un paese diverso da quello in cui l\u2019Utente si trova. Per ottenere ulteriori informazioni sul luogo del trattamento l\u2019Utente pu\u00f2 fare riferimento alla sezione relativa ai dettagli sul trattamento dei Dati Personali.<\/p><p>L\u2019Utente ha diritto a ottenere informazioni in merito alla base giuridica del trasferimento di Dati al di fuori dell\u2019Unione Europea o ad un\u2019organizzazione internazionale di diritto internazionale pubblico o costituita da due o pi\u00f9 paesi, come ad esempio l\u2019ONU, nonch\u00e9 in merito alle misure di sicurezza adottate dal Titolare per proteggere i Dati.<\/p><p>L\u2019Utente pu\u00f2 verificare se abbia luogo uno dei trasferimenti appena descritti esaminando la sezione di questo documento relativa ai dettagli sul trattamento di Dati Personali o chiedere informazioni al Titolare contattandolo agli estremi riportati in apertura.<\/p><h3>2.4 Periodo di conservazione<\/h3><p>I Dati sono trattati e conservati per il tempo richiesto dalle finalit\u00e0 per le quali sono stati raccolti.<\/p><p>Pertanto:<\/p><ul><li>I Dati Personali raccolti per scopi collegati all\u2019esecuzione di un contratto tra il Titolare e l\u2019Utente saranno trattenuti sino a quando sia completata l\u2019esecuzione di tale contratto.<\/li><li>I Dati Personali raccolti per finalit\u00e0 riconducibili all\u2019interesse legittimo del Titolare saranno trattenuti sino al soddisfacimento di tale interesse. L\u2019Utente pu\u00f2 ottenere ulteriori informazioni in merito all\u2019interesse legittimo perseguito dal Titolare nelle relative sezioni di questo documento o contattando il Titolare.<\/li><\/ul><p>Quando il trattamento \u00e8 basato sul consenso dell\u2019Utente, il Titolare pu\u00f2 conservare i Dati Personali pi\u00f9 a lungo sino a quando detto consenso non venga revocato. Inoltre, il Titolare potrebbe essere obbligato a conservare i Dati Personali per un periodo pi\u00f9 lungo in ottemperanza ad un obbligo di legge o per ordine di un\u2019autorit\u00e0.<\/p><p>Al termine del periodo di conservazione i Dati Personali saranno cancellati. Pertanto, allo spirare di tale termine il diritto di accesso, cancellazione, rettificazione ed il diritto alla portabilit\u00e0 dei Dati non potranno pi\u00f9 essere esercitati.<\/p><h2>3. Finalit\u00e0 del trattamento dei dati raccolti<\/h2><p>I Dati dell\u2019Utente sono raccolti per consentire al Titolare di fornire il Servizio, adempiere agli obblighi di legge, rispondere a richieste o azioni esecutive, tutelare i propri diritti ed interessi (o quelli di Utenti o di terze parti), individuare eventuali attivit\u00e0 dolose o fraudolente, nonch\u00e9 per le seguenti finalit\u00e0: Visualizzazione di contenuti da piattaforme esterne, Statistica, Gestione contatti e invio di messaggi, Contattare l\u2019Utente, Gestione dei pagamenti, Remarketing e behavioral targeting, Interazione con le piattaforme di supporto e di feedback, Hosting ed infrastruttura backend, Pubblicit\u00e0, Commento dei contenuti, Gestione delle richieste di supporto e contatto, Interazione con social network e piattaforme esterne, Gestione di conferenze web e telefonia online, Gestione della raccolta dati e dei sondaggi online, Gestione dei tag, Gestione dei database di Utenti, Protezione dallo SPAM e Ottimizzazione e distribuzione del traffico.<\/p><p>Per ottenere informazioni dettagliate sulle finalit\u00e0 del trattamento e sui Dati Personali trattati per ciascuna finalit\u00e0, l\u2019Utente pu\u00f2 fare riferimento alla sezione \u201cDettagli sul trattamento dei Dati Personali\u201d.<\/p><h2>4. Diritti dell&#8217;utente<\/h2><h3>4.1 Diritti<\/h3><p>Gli Utenti possono esercitare determinati diritti con riferimento ai Dati trattati dal Titolare.<\/p><p>In particolare, nei limiti previsti dalla legge, l\u2019Utente ha il diritto di:<\/p><ul><li>revocare il consenso in ogni momento. L\u2019Utente pu\u00f2 revocare il consenso al trattamento dei propri Dati Personali precedentemente espresso.<\/li><li>opporsi al trattamento dei propri Dati. L\u2019Utente pu\u00f2 opporsi al trattamento dei propri Dati quando esso avviene su una base giuridica diversa dal consenso. Ulteriori dettagli sul diritto di opposizione sono indicati nella sezione sottostante.<\/li><li>accedere ai propri Dati. L\u2019Utente ha diritto ad ottenere informazioni sui Dati trattati dal Titolare, su determinati aspetti del trattamento ed a ricevere una copia dei Dati trattati.<\/li><li>verificare e chiedere la rettificazione. L\u2019Utente pu\u00f2 verificare la correttezza dei propri Dati e richiederne l\u2019aggiornamento o la correzione.<\/li><li>ottenere la limitazione del trattamento. L\u2019Utente pu\u00f2 richiedere la limitazione del trattamento dei propri Dati. In tal caso il Titolare non tratter\u00e0 i Dati per alcun altro scopo se non la loro conservazione.<\/li><li>ottenere la cancellazione o rimozione dei propri Dati Personali. L\u2019Utente pu\u00f2 richiedere la cancellazione dei propri Dati da parte del Titolare.<\/li><li>ricevere i propri Dati o farli trasferire ad altro titolare. L\u2019Utente ha diritto di ricevere i propri Dati in formato strutturato, di uso comune e leggibile da dispositivo automatico e, ove tecnicamente fattibile, di ottenerne il trasferimento senza ostacoli ad un altro titolare.<\/li><li>proporre reclamo. L\u2019Utente pu\u00f2 proporre un reclamo all\u2019autorit\u00e0 di controllo della protezione dei dati personali competente o agire in sede giudiziale.<\/li><\/ul><h3>4.2 Dettagli sul diritto di opposizione<\/h3><p>Quando i Dati Personali sono trattati nell\u2019interesse pubblico, nell\u2019esercizio di pubblici poteri di cui \u00e8 investito il Titolare oppure per perseguire un interesse legittimo del Titolare, gli Utenti hanno diritto ad opporsi al trattamento per motivi connessi alla loro situazione particolare.<\/p><p>Si fa presente agli Utenti che, ove i loro Dati fossero trattati con finalit\u00e0 di marketing diretto, possono opporsi al trattamento in qualsiasi momento, gratuitamente e senza fornire alcuna motivazione. Qualora gli Utenti si oppongano al trattamento per finalit\u00e0 di marketing diretto, i Dati Personali non sono pi\u00f9 oggetto di trattamento per tali finalit\u00e0. Per scoprire se il Titolare tratti Dati con finalit\u00e0 di marketing diretto gli Utenti possono fare riferimento alle rispettive sezioni di questo documento.<\/p><h3>4.3 Come esercitare i diritti<\/h3><p>Per esercitare i propri diritti, gli Utenti possono indirizzare una richiesta ai recapiti del Titolare indicati in questo documento. La richiesta pu\u00f2 essere depositate gratuitamente e il Titolare risponder\u00e0 nel pi\u00f9 breve tempo possibile, in ogni caso entro un mese, fornendo all\u2019Utente tutte le informazioni previste dalla legge. Eventuali rettifiche, cancellazioni o limitazioni del trattamento saranno comunicate dal Titolare a ciascuno dei destinatari, se esistenti, a cui sono stati trasmessi i Dati Personali, salvo che ci\u00f2 si riveli impossibile o implichi uno sforzo sproporzionato. Il Titolare comunica all\u2019Utente tali destinatari qualora egli lo richieda.<\/p><h2>5. Cookie policy<\/h2><p>Il sito www.domenicaitaliana.it fa utilizzo di Strumenti di Tracciamento. Per saperne di pi\u00f9, l\u2019Utente pu\u00f2 consultare la <a href=\"https:\/\/www.domenicaitaliana.it\/en\/cookie-policy\/\">Cookie Policy<\/a>.<\/p><h2>6. Ulteriori informazioni sul trattamento<\/h2><h3>6.1 Difesa in giudizio<\/h3><p>I Dati Personali dell\u2019Utente possono essere utilizzati da parte del Titolare in giudizio o nelle fasi preparatorie alla sua eventuale instaurazione per la difesa da abusi nell\u2019utilizzo di www.domenicaitaliana.it o dei Servizi connessi da parte dell\u2019Utente. L\u2019Utente dichiara di essere consapevole che il Titolare potrebbe essere obbligato a rivelare i Dati per ordine delle autorit\u00e0 pubbliche.<\/p><h3>6.2 Informative specifiche<\/h3><p>Su richiesta dell\u2019Utente, in aggiunta alle informazioni contenute in questa privacy policy, www.domenicaitaliana.it potrebbe fornire all\u2019Utente delle informative aggiuntive e contestuali riguardanti Servizi specifici, o la raccolta ed il trattamento di Dati Personali.<\/p><h3>6.3 Log di sistema e manutenzione<\/h3><p>Per necessit\u00e0 legate al funzionamento ed alla manutenzione, www.domenicaitaliana.it e gli eventuali servizi terzi da essa utilizzati potrebbero raccogliere log di sistema, ossia file che registrano le interazioni e che possono contenere anche Dati Personali, quali l\u2019indirizzo IP Utente.<\/p><h3>6.4 Informazioni non contenute in questa policy<\/h3><p>Ulteriori informazioni in relazione al trattamento dei Dati Personali potranno essere richieste in qualsiasi momento al Titolare del Trattamento utilizzando gli estremi di contatto.<\/p><h3>6.5 Risposta alle richieste \u201cDo Not Track\u201d<\/h3><p>Il sito www.domenicaitaliana.it non supporta le richieste \u201cDo Not Track\u201d. Per scoprire se gli eventuali servizi di terze parti utilizzati le supportino, l\u2019Utente \u00e8 invitato a consultare le rispettive privacy policy.<\/p><h3>6.6 Modifiche a questa privacy policy<\/h3><p>Il Titolare del Trattamento si riserva il diritto di apportare modifiche alla presente privacy policy in qualunque momento notificandolo agli Utenti su questa pagina e, se possibile, su www.domenicaitaliana.it nonch\u00e9, qualora tecnicamente e legalmente fattibile, inviando una notifica agli Utenti attraverso uno degli estremi di contatto di cui \u00e8 in possesso. Si prega dunque di consultare con frequenza questa pagina, facendo riferimento alla data di ultima modifica indicata in fondo.<\/p><p>Qualora le modifiche interessino trattamenti la cui base giuridica \u00e8 il consenso, il Titolare provveder\u00e0 a raccogliere nuovamente il consenso dell\u2019Utente, se necessario.<\/p><p>\u00a0<\/p><p>Ultima modifica: 14 giugno 2023<\/p>\t\t\t\t\t\t<\/div>\n\t\t\t\t<\/div>\n\t\t\t\t\t<\/div>\n\t\t\t\t<\/div>\n\t\t\t\t<\/div>","protected":false},"excerpt":{"rendered":"<p>Titolare del trattamento dei dati ITALIAN SAYS SRLSPiazza Antonio Baldini, 33 \u2013 00141 RomaC.F. e P. IVA: 15501981003Indirizzo email del Titolare: ciao@domenicaitaliana.it 1. Tipologie di dati raccolti Fra i Dati Personali raccolti da www.domenicaitaliana.it, in modo autonomo o tramite terze parti, ci sono: Dati di utilizzo; Cookie; email; nome; cognome; data di nascita; indirizzo; nazione; [&hellip;]<\/p>\n","protected":false},"author":2,"featured_media":0,"parent":0,"menu_order":0,"comment_status":"closed","ping_status":"open","template":"","meta":{"footnotes":""},"class_list":["post-3","page","type-page","status-publish","hentry"],"acf":[],"aioseo_notices":[],"jetpack_sharing_enabled":true,"_links":{"self":[{"href":"https:\/\/www.domenicaitaliana.it\/en\/wp-json\/wp\/v2\/pages\/3","targetHints":{"allow":["GET"]}}],"collection":[{"href":"https:\/\/www.domenicaitaliana.it\/en\/wp-json\/wp\/v2\/pages"}],"about":[{"href":"https:\/\/www.domenicaitaliana.it\/en\/wp-json\/wp\/v2\/types\/page"}],"author":[{"embeddable":true,"href":"https:\/\/www.domenicaitaliana.it\/en\/wp-json\/wp\/v2\/users\/2"}],"replies":[{"embeddable":true,"href":"https:\/\/www.domenicaitaliana.it\/en\/wp-json\/wp\/v2\/comments?post=3"}],"version-history":[{"count":60,"href":"https:\/\/www.domenicaitaliana.it\/en\/wp-json\/wp\/v2\/pages\/3\/revisions"}],"predecessor-version":[{"id":1581,"href":"https:\/\/www.domenicaitaliana.it\/en\/wp-json\/wp\/v2\/pages\/3\/revisions\/1581"}],"wp:attachment":[{"href":"https:\/\/www.domenicaitaliana.it\/en\/wp-json\/wp\/v2\/media?parent=3"}],"curies":[{"name":"wp","href":"https:\/\/api.w.org\/{rel}","templated":true}]}}