{"id":8785,"date":"2024-10-02T16:09:41","date_gmt":"2024-10-02T14:09:41","guid":{"rendered":"https:\/\/www.domenicaitaliana.it\/prodotto\/quiet-book-dolce-far-niente\/"},"modified":"2026-04-27T15:44:07","modified_gmt":"2026-04-27T13:44:07","slug":"quiet-book-dolce-far-niente","status":"publish","type":"product","link":"https:\/\/www.domenicaitaliana.it\/en\/product\/quiet-book-dolce-far-niente\/","title":{"rendered":"Quiet Book &#8216;Dolce Far Niente&#8217;"},"content":{"rendered":"","protected":false},"excerpt":{"rendered":"<p>Questo non \u00e8 un libro come gli altri. In realt\u00e0 non \u00e8 davvero un libro, al suo interno troverai pagine vuote, pronte per accogliere appunti, pensieri, disegni, o qualunque cosa tu voglia. Oppure, potrai lasciarle intatte, a ricordarti che non sempre gli spazi devono essere riempiti.<\/p>","protected":false},"featured_media":8787,"comment_status":"open","ping_status":"closed","template":"","meta":[],"product_brand":[],"product_cat":[504],"product_tag":[],"class_list":{"0":"post-8785","1":"product","2":"type-product","3":"status-publish","4":"has-post-thumbnail","6":"product_cat-libri","8":"first","9":"instock","10":"shipping-taxable","11":"purchasable","12":"product-type-simple"},"acf":[],"aioseo_notices":[],"jetpack_sharing_enabled":true,"_links":{"self":[{"href":"https:\/\/www.domenicaitaliana.it\/en\/wp-json\/wp\/v2\/product\/8785","targetHints":{"allow":["GET"]}}],"collection":[{"href":"https:\/\/www.domenicaitaliana.it\/en\/wp-json\/wp\/v2\/product"}],"about":[{"href":"https:\/\/www.domenicaitaliana.it\/en\/wp-json\/wp\/v2\/types\/product"}],"replies":[{"embeddable":true,"href":"https:\/\/www.domenicaitaliana.it\/en\/wp-json\/wp\/v2\/comments?post=8785"}],"wp:featuredmedia":[{"embeddable":true,"href":"https:\/\/www.domenicaitaliana.it\/en\/wp-json\/wp\/v2\/media\/8787"}],"wp:attachment":[{"href":"https:\/\/www.domenicaitaliana.it\/en\/wp-json\/wp\/v2\/media?parent=8785"}],"wp:term":[{"taxonomy":"product_brand","embeddable":true,"href":"https:\/\/www.domenicaitaliana.it\/en\/wp-json\/wp\/v2\/product_brand?post=8785"},{"taxonomy":"product_cat","embeddable":true,"href":"https:\/\/www.domenicaitaliana.it\/en\/wp-json\/wp\/v2\/product_cat?post=8785"},{"taxonomy":"product_tag","embeddable":true,"href":"https:\/\/www.domenicaitaliana.it\/en\/wp-json\/wp\/v2\/product_tag?post=8785"}],"curies":[{"name":"wp","href":"https:\/\/api.w.org\/{rel}","templated":true}]}}